{"id":591,"date":"2024-10-15T13:32:19","date_gmt":"2024-10-15T11:32:19","guid":{"rendered":"https:\/\/bowling.neapolpub.sk\/?page_id=591"},"modified":"2025-03-16T20:17:34","modified_gmt":"2025-03-16T19:17:34","slug":"bowling-martin","status":"publish","type":"page","link":"https:\/\/bowling.neapolpub.sk\/?page_id=591","title":{"rendered":"Bowling Martin"},"content":{"rendered":"\n<p class=\"has-text-align-left has-white-color has-vivid-green-cyan-background-color has-text-color has-background has-link-color wp-elements-a6b1407c637a284b53c8698dd3de080d\"><strong>Cena bowlingovej dr\u00e1hy je 20 EUR \/ hod.<\/strong> <br><strong>1 hodina hry = 55 min\u00fat hra a 5 min\u00fat je ur\u010den\u00fdch na z\u00e1pis, prezutie obuvi, spustenie dr\u00e1hy.<\/strong><\/p>\n","protected":false},"excerpt":{"rendered":"<p>Cena bowlingovej dr\u00e1hy je 20 EUR \/ hod. 1 hodina hry = 55 min\u00fat hra a 5 min\u00fat je ur\u010den\u00fdch na z\u00e1pis, prezutie obuvi, spustenie dr\u00e1hy.<\/p>\n","protected":false},"author":1,"featured_media":0,"parent":0,"menu_order":0,"comment_status":"closed","ping_status":"closed","template":"","meta":{"_acf_changed":false,"footnotes":""},"class_list":["post-591","page","type-page","status-publish","hentry"],"acf":[],"_links":{"self":[{"href":"https:\/\/bowling.neapolpub.sk\/index.php?rest_route=\/wp\/v2\/pages\/591","targetHints":{"allow":["GET"]}}],"collection":[{"href":"https:\/\/bowling.neapolpub.sk\/index.php?rest_route=\/wp\/v2\/pages"}],"about":[{"href":"https:\/\/bowling.neapolpub.sk\/index.php?rest_route=\/wp\/v2\/types\/page"}],"author":[{"embeddable":true,"href":"https:\/\/bowling.neapolpub.sk\/index.php?rest_route=\/wp\/v2\/users\/1"}],"replies":[{"embeddable":true,"href":"https:\/\/bowling.neapolpub.sk\/index.php?rest_route=%2Fwp%2Fv2%2Fcomments&post=591"}],"version-history":[{"count":1,"href":"https:\/\/bowling.neapolpub.sk\/index.php?rest_route=\/wp\/v2\/pages\/591\/revisions"}],"predecessor-version":[{"id":654,"href":"https:\/\/bowling.neapolpub.sk\/index.php?rest_route=\/wp\/v2\/pages\/591\/revisions\/654"}],"wp:attachment":[{"href":"https:\/\/bowling.neapolpub.sk\/index.php?rest_route=%2Fwp%2Fv2%2Fmedia&parent=591"}],"curies":[{"name":"wp","href":"https:\/\/api.w.org\/{rel}","templated":true}]}}